{"id":104,"date":"2014-12-08T13:51:17","date_gmt":"2014-12-08T12:51:17","guid":{"rendered":"http:\/\/calenda.se.hemsida.eu\/CalendaV3\/?page_id=104"},"modified":"2014-12-09T12:23:50","modified_gmt":"2014-12-09T11:23:50","slug":"startsida","status":"publish","type":"page","link":"https:\/\/calenda.se\/sys\/","title":{"rendered":"Startsida"},"content":{"rendered":"<h2>V\u00e4lkommen till Calenda bokningssystem<\/h2>\n<p>H\u00e4r hittar du information om hur Calenda fungerar och hj\u00e4lp om du f\u00e5r problem.<\/p>\n<p>&nbsp;<\/p>\n","protected":false},"excerpt":{"rendered":"<p>V\u00e4lkommen till Calenda bokningssystem H\u00e4r hittar du information om hur Calenda fungerar och hj\u00e4lp om du f\u00e5r problem. &nbsp;<\/p>\n","protected":false},"author":1,"featured_media":0,"parent":0,"menu_order":0,"comment_status":"closed","ping_status":"closed","template":"template-startpage.php","meta":[],"_links":{"self":[{"href":"https:\/\/calenda.se\/sys\/wp-json\/wp\/v2\/pages\/104"}],"collection":[{"href":"https:\/\/calenda.se\/sys\/wp-json\/wp\/v2\/pages"}],"about":[{"href":"https:\/\/calenda.se\/sys\/wp-json\/wp\/v2\/types\/page"}],"author":[{"embeddable":true,"href":"https:\/\/calenda.se\/sys\/wp-json\/wp\/v2\/users\/1"}],"replies":[{"embeddable":true,"href":"https:\/\/calenda.se\/sys\/wp-json\/wp\/v2\/comments?post=104"}],"version-history":[{"count":5,"href":"https:\/\/calenda.se\/sys\/wp-json\/wp\/v2\/pages\/104\/revisions"}],"predecessor-version":[{"id":142,"href":"https:\/\/calenda.se\/sys\/wp-json\/wp\/v2\/pages\/104\/revisions\/142"}],"wp:attachment":[{"href":"https:\/\/calenda.se\/sys\/wp-json\/wp\/v2\/media?parent=104"}],"curies":[{"name":"wp","href":"https:\/\/api.w.org\/{rel}","templated":true}]}}