{"id":15,"date":"2014-11-25T09:48:26","date_gmt":"2014-11-25T08:48:26","guid":{"rendered":"http:\/\/calenda.se.hemsida.eu\/CalendaV3\/?page_id=15"},"modified":"2014-12-27T10:59:15","modified_gmt":"2014-12-27T09:59:15","slug":"hjalp-en-oversikt","status":"publish","type":"page","link":"https:\/\/calenda.se\/sys\/hjalp-en-oversikt\/","title":{"rendered":"Kom-i-g\u00e5ng med Calenda"},"content":{"rendered":"<p>(Se \u00e4ven <a title=\"FAQ: Vanliga fr\u00e5gor\" href=\"http:\/\/calenda.se.hemsida.eu\/sys\/faq-vanliga-fragor\/\">Vanliga fr\u00e5gor<\/a>.)<\/p>\n<p>I korthet best\u00e5r programmet av dessa delar:<\/p>\n<h2>Aktuellt<\/h2>\n<p>Vad h\u00e4nder idag och vad h\u00e4nder imorgon? En \u00f6versikt \u00f6ver vilka g\u00e4ster som kommer, bor och \u00e5ker. H\u00e4r h\u00e5ller du ocks\u00e5 koll p\u00e5 \u00f6verlappande f\u00f6rfr\u00e5gningar. <a title=\"Aktuellt\" href=\"hjalp-aktuellt\/\">Mer hj\u00e4lp<\/a><\/p>\n<h2>Kalender<\/h2>\n<p>Huvudkalender med bokningar, f\u00f6rfr\u00e5gningar och egna anteckningar dag f\u00f6r dag. Aktivitetskalender och Resurskalender f\u00f6r \u00f6versikt av bokningar av annat \u00e4n boende. <a title=\"Huvudkalender\" href=\"hjalp-bokningskalender\/\">Mer hj\u00e4lp<\/a><\/p>\n<h2>Boendebokningar<\/h2>\n<p>Skapa, \u00e4ndra och titta p\u00e5 bokningar. <a title=\"Boendebokningar\" href=\"hjalp-boendebokningar\/\">Mer hj\u00e4lp<\/a><\/p>\n<h2>Aktiviteter<\/h2>\n<p>Skapa, \u00e4ndra och titta p\u00e5 aktivitetsbokningar. <a href=\"help_aktiviteter.php\">Mer hj\u00e4lp<\/a><\/p>\n<h2>Listor<\/h2>\n<p>Sorter- och s\u00f6kbara listor \u00f6ver bokningarna. H\u00e4r kan du se \u00f6versikter \u00f6ver kontaktuppgifter, betalningar, anteckningar per g\u00e4st mm. <a title=\"Bokningslistor\" href=\"hjalp-listor\/\">Mer hj\u00e4lp<\/a><\/p>\n<h2>Rapporter<\/h2>\n<p>Statistik och periodiska rapporter avseende bel\u00e4ggning och inkomster. <a title=\"Rapporter\" href=\"hjalp-rapporter\/\">Mer hj\u00e4lp<\/a><\/p>\n<h2>Administration<\/h2>\n<p>Se \u00e4ndringslogg avseende bokningar och granska dina kunduppgifter. <a title=\"Administration\" href=\"hjalp-administration\/\">Mer hj\u00e4lp<\/a><\/p>\n","protected":false},"excerpt":{"rendered":"<p>(Se \u00e4ven Vanliga fr\u00e5gor.) I korthet best\u00e5r programmet av dessa delar: Aktuellt Vad h\u00e4nder idag och vad h\u00e4nder imorgon? En \u00f6versikt \u00f6ver vilka g\u00e4ster som kommer, bor och \u00e5ker. H\u00e4r h\u00e5ller du ocks\u00e5 koll p\u00e5 \u00f6verlappande f\u00f6rfr\u00e5gningar. Mer hj\u00e4lp Kalender Huvudkalender med bokningar, f\u00f6rfr\u00e5gningar och egna anteckningar dag f\u00f6r dag. Aktivitetskalender och Resurskalender f\u00f6r \u00f6versikt [&hellip;]<\/p>\n","protected":false},"author":1,"featured_media":0,"parent":0,"menu_order":0,"comment_status":"closed","ping_status":"closed","template":"","meta":[],"_links":{"self":[{"href":"https:\/\/calenda.se\/sys\/wp-json\/wp\/v2\/pages\/15"}],"collection":[{"href":"https:\/\/calenda.se\/sys\/wp-json\/wp\/v2\/pages"}],"about":[{"href":"https:\/\/calenda.se\/sys\/wp-json\/wp\/v2\/types\/page"}],"author":[{"embeddable":true,"href":"https:\/\/calenda.se\/sys\/wp-json\/wp\/v2\/users\/1"}],"replies":[{"embeddable":true,"href":"https:\/\/calenda.se\/sys\/wp-json\/wp\/v2\/comments?post=15"}],"version-history":[{"count":12,"href":"https:\/\/calenda.se\/sys\/wp-json\/wp\/v2\/pages\/15\/revisions"}],"predecessor-version":[{"id":250,"href":"https:\/\/calenda.se\/sys\/wp-json\/wp\/v2\/pages\/15\/revisions\/250"}],"wp:attachment":[{"href":"https:\/\/calenda.se\/sys\/wp-json\/wp\/v2\/media?parent=15"}],"curies":[{"name":"wp","href":"https:\/\/api.w.org\/{rel}","templated":true}]}}