{"id":189,"date":"2014-12-10T08:40:22","date_gmt":"2014-12-10T07:40:22","guid":{"rendered":"http:\/\/calenda.se.hemsida.eu\/CalendaV3\/?page_id=189"},"modified":"2014-12-10T11:34:20","modified_gmt":"2014-12-10T10:34:20","slug":"resurser","status":"publish","type":"page","link":"https:\/\/calenda.se\/sys\/resurser\/","title":{"rendered":"Resurser"},"content":{"rendered":"<p>Resurser kan lite f\u00f6renklat beskrivas som &#8221;flaskhalsarna&#8221; i de aktiviteter du erbjuder dina g\u00e4ster. Du kan t ex inte hyra ut fler cyklar \u00e4n de antal cyklar du har tillg\u00e5ng till, d\u00e4rf\u00f6r kan <em>cyklarna<\/em> vara dina resurser i aktiviteten <em>Cykeluthyrning<\/em>.<\/p>\n<p>Lite fler exempel:<\/p>\n<ol>\n<li>Aktivitet: Uthyrning av konferenslokal, br\u00f6llopsarrangemang, vinprovning<br \/>\nResurser: lokalen, konferensutrustning som t ex projektor och whiteboard, stolar och bord mm.<\/li>\n<li>Aktivitet: Ridning<br \/>\nResurser: H\u00e4star<\/li>\n<li>Aktivitet: Kanotuthyrning<br \/>\nResurser: Kanoter<\/li>\n<li>Aktivitet: Guidade turer<br \/>\nResurs: Guider (personerna som genomf\u00f6r turerna)<\/li>\n<li>Aktivitet: Fiske<br \/>\nResurser: fiskeutrustning, t ex fiskesp\u00f6n<\/li>\n<\/ol>\n<h3>Resurser och resurstyper<\/h3>\n<p>Resurserna delas upp i resurstyper. Resurstyperna l\u00e4gger vi upp \u00e5t dig efter dina \u00f6nskem\u00e5l, sen l\u00e4gger du sj\u00e4lv enkelt upp resurserna (se nedan).<\/p>\n<p>Exempel:<\/p>\n<ol>\n<li>Resurstypen &#8217;Cykel&#8217; kan ha resurserna &#8217;Cykel nr 1&#8217;, &#8217;Cykel nr 2&#8217; eller &#8217;Damcykel nr 1&#8217;, &#8217;Mountainbike&#8217; och &#8217;Barncykel&#8217;.<\/li>\n<li>Resurstypen &#8217;H\u00e4star&#8217; kan inneh\u00e5lla resurserna &#8217;Brunte&#8217;, &#8217;Blixten&#8217; och &#8217;Shettis&#8217;.<\/li>\n<\/ol>\n<h3>L\u00e4gga upp nya resurser<\/h3>\n<p>P\u00e5 sidan Aktiviteter finns en knapp f\u00f6r att komma till sidan f\u00f6r underh\u00e5ll av resurser.<\/p>\n<p>\u00d6verst p\u00e5 sidan kan du v\u00e4lja resurstyp f\u00f6r den nya resursen som ska l\u00e4ggas upp.<\/p>\n<p>N\u00e4r du klickat p\u00e5 denna dyker en ruta upp p\u00e5 sk\u00e4rmen.<\/p>\n<p>Fyll i namn p\u00e5 resursen, resurstyp (den du valt nyss kan \u00e4ndras h\u00e4r vid behov) och om resursen ska vara aktiv eller ej.<\/p>\n<h3>Resurskalendern<\/h3>\n<p>I <a title=\"Resurskalender\" href=\"http:\/\/calenda.se.hemsida.eu\/CalendaV3\/hjalp-resurskalender\/\">Resurskalendern<\/a> f\u00e5r du en \u00f6versikt \u00f6ver dina bokade resurser.<\/p>\n","protected":false},"excerpt":{"rendered":"<p>Resurser kan lite f\u00f6renklat beskrivas som &#8221;flaskhalsarna&#8221; i de aktiviteter du erbjuder dina g\u00e4ster. Du kan t ex inte hyra ut fler cyklar \u00e4n de antal cyklar du har tillg\u00e5ng till, d\u00e4rf\u00f6r kan cyklarna vara dina resurser i aktiviteten Cykeluthyrning. Lite fler exempel: Aktivitet: Uthyrning av konferenslokal, br\u00f6llopsarrangemang, vinprovning Resurser: lokalen, konferensutrustning som t ex [&hellip;]<\/p>\n","protected":false},"author":1,"featured_media":0,"parent":0,"menu_order":0,"comment_status":"closed","ping_status":"closed","template":"","meta":[],"_links":{"self":[{"href":"https:\/\/calenda.se\/sys\/wp-json\/wp\/v2\/pages\/189"}],"collection":[{"href":"https:\/\/calenda.se\/sys\/wp-json\/wp\/v2\/pages"}],"about":[{"href":"https:\/\/calenda.se\/sys\/wp-json\/wp\/v2\/types\/page"}],"author":[{"embeddable":true,"href":"https:\/\/calenda.se\/sys\/wp-json\/wp\/v2\/users\/1"}],"replies":[{"embeddable":true,"href":"https:\/\/calenda.se\/sys\/wp-json\/wp\/v2\/comments?post=189"}],"version-history":[{"count":13,"href":"https:\/\/calenda.se\/sys\/wp-json\/wp\/v2\/pages\/189\/revisions"}],"predecessor-version":[{"id":206,"href":"https:\/\/calenda.se\/sys\/wp-json\/wp\/v2\/pages\/189\/revisions\/206"}],"wp:attachment":[{"href":"https:\/\/calenda.se\/sys\/wp-json\/wp\/v2\/media?parent=189"}],"curies":[{"name":"wp","href":"https:\/\/api.w.org\/{rel}","templated":true}]}}