{"id":19,"date":"2014-11-25T09:57:15","date_gmt":"2014-11-25T08:57:15","guid":{"rendered":"http:\/\/calenda.se.hemsida.eu\/CalendaV3\/?page_id=19"},"modified":"2014-12-07T09:27:23","modified_gmt":"2014-12-07T08:27:23","slug":"support","status":"publish","type":"page","link":"https:\/\/calenda.se\/sys\/support\/","title":{"rendered":"Support"},"content":{"rendered":"<p>Om du beh\u00f6ver hj\u00e4lp eller vill felanm\u00e4la n\u00e5got kan du maila till <a href=\"mailto:support@calenda.se\">support@calenda.se<\/a>.<\/p>\n<p>G\u00e4ller det n\u00e5got som ser fel ut p\u00e5 din sk\u00e4rm \u00e4r det till hj\u00e4lp om du ber\u00e4ttar f\u00f6r oss vad du anv\u00e4nder:<\/p>\n<ul>\n<li>Anv\u00e4nder du Windows eller en Mac?<\/li>\n<li>Vilken webbl\u00e4sare\/browser anv\u00e4nder du? (T ex Firefox, Chrome, Internet Explorer eller Safari?)<\/li>\n<li>Vilken version av webbl\u00e4saren anv\u00e4nder du? (Det hittar du ofta under menyn &#8221;Om &#8230;.&#8221; i din webbl\u00e4sare)<\/li>\n<\/ul>\n<p>Det g\u00e5r ocks\u00e5 bra att skicka f\u00f6rslag till \u00e4ndringar om det \u00e4r n\u00e5got du tycker kan f\u00f6rb\u00e4ttras med Calenda.<\/p>\n","protected":false},"excerpt":{"rendered":"<p>Om du beh\u00f6ver hj\u00e4lp eller vill felanm\u00e4la n\u00e5got kan du maila till support@calenda.se. G\u00e4ller det n\u00e5got som ser fel ut p\u00e5 din sk\u00e4rm \u00e4r det till hj\u00e4lp om du ber\u00e4ttar f\u00f6r oss vad du anv\u00e4nder: Anv\u00e4nder du Windows eller en Mac? Vilken webbl\u00e4sare\/browser anv\u00e4nder du? (T ex Firefox, Chrome, Internet Explorer eller Safari?) Vilken version [&hellip;]<\/p>\n","protected":false},"author":1,"featured_media":0,"parent":0,"menu_order":0,"comment_status":"closed","ping_status":"closed","template":"","meta":[],"_links":{"self":[{"href":"https:\/\/calenda.se\/sys\/wp-json\/wp\/v2\/pages\/19"}],"collection":[{"href":"https:\/\/calenda.se\/sys\/wp-json\/wp\/v2\/pages"}],"about":[{"href":"https:\/\/calenda.se\/sys\/wp-json\/wp\/v2\/types\/page"}],"author":[{"embeddable":true,"href":"https:\/\/calenda.se\/sys\/wp-json\/wp\/v2\/users\/1"}],"replies":[{"embeddable":true,"href":"https:\/\/calenda.se\/sys\/wp-json\/wp\/v2\/comments?post=19"}],"version-history":[{"count":3,"href":"https:\/\/calenda.se\/sys\/wp-json\/wp\/v2\/pages\/19\/revisions"}],"predecessor-version":[{"id":76,"href":"https:\/\/calenda.se\/sys\/wp-json\/wp\/v2\/pages\/19\/revisions\/76"}],"wp:attachment":[{"href":"https:\/\/calenda.se\/sys\/wp-json\/wp\/v2\/media?parent=19"}],"curies":[{"name":"wp","href":"https:\/\/api.w.org\/{rel}","templated":true}]}}