{"id":212,"date":"2014-12-11T07:05:02","date_gmt":"2014-12-11T06:05:02","guid":{"rendered":"http:\/\/calenda.se.hemsida.eu\/CalendaV3\/?page_id=212"},"modified":"2014-12-11T07:06:05","modified_gmt":"2014-12-11T06:06:05","slug":"teknik-och-systemkrav","status":"publish","type":"page","link":"https:\/\/calenda.se\/sys\/teknik-och-systemkrav\/","title":{"rendered":"Teknik och systemkrav"},"content":{"rendered":"<h2>Teknik, allm\u00e4nt<\/h2>\n<h4>Windows, Mac eller Linux?<\/h4>\n<p>Programmet fungerar lika bra p\u00e5 alla operativsystem. Det man beh\u00f6ver \u00e4r en webbl\u00e4sare.<\/p>\n<h4>L\u00e4mpliga webbl\u00e4sare (browsers)<\/h4>\n<p>Vi rekommenderar <a href=\"https:\/\/www.mozilla.org\/sv-SE\/firefox\/new\/\" target=\"_blank\">Firefox<\/a>, <a href=\"http:\/\/www.apple.com\/se\/safari\/\" target=\"_blank\">Safari<\/a> eller <a href=\"http:\/\/www.google.com\/chrome\/\" target=\"_blank\">Google Chrome<\/a> eftersom dessa \u00e4r snabbast, s\u00e4krast, gratis och f\u00f6ljer den webbstandard som utvecklats. Klicka p\u00e5 namnen f\u00f6r att l\u00e4sa mer eller ladda ner dessa.<\/p>\n<p>Calenda \u00e4r dock \u00e4ven testat f\u00f6r Internet Explorer och fungerar \u00e4ven f\u00f6r denna webbl\u00e4sare (OBS! version 9 eller h\u00f6gre!).<\/p>\n<p>F\u00f6r alla webbl\u00e4sare g\u00e4ller att man b\u00f6r h\u00e5lla dem uppdaterade, framf\u00f6rallt f\u00f6r din egen s\u00e4kerhets skull, men ocks\u00e5 f\u00f6r att det \u00e4r den vi testar n\u00e4r vi utvecklar Calenda.<\/p>\n","protected":false},"excerpt":{"rendered":"<p>Teknik, allm\u00e4nt Windows, Mac eller Linux? Programmet fungerar lika bra p\u00e5 alla operativsystem. Det man beh\u00f6ver \u00e4r en webbl\u00e4sare. L\u00e4mpliga webbl\u00e4sare (browsers) Vi rekommenderar Firefox, Safari eller Google Chrome eftersom dessa \u00e4r snabbast, s\u00e4krast, gratis och f\u00f6ljer den webbstandard som utvecklats. Klicka p\u00e5 namnen f\u00f6r att l\u00e4sa mer eller ladda ner dessa. Calenda \u00e4r dock [&hellip;]<\/p>\n","protected":false},"author":1,"featured_media":0,"parent":0,"menu_order":0,"comment_status":"open","ping_status":"open","template":"","meta":[],"_links":{"self":[{"href":"https:\/\/calenda.se\/sys\/wp-json\/wp\/v2\/pages\/212"}],"collection":[{"href":"https:\/\/calenda.se\/sys\/wp-json\/wp\/v2\/pages"}],"about":[{"href":"https:\/\/calenda.se\/sys\/wp-json\/wp\/v2\/types\/page"}],"author":[{"embeddable":true,"href":"https:\/\/calenda.se\/sys\/wp-json\/wp\/v2\/users\/1"}],"replies":[{"embeddable":true,"href":"https:\/\/calenda.se\/sys\/wp-json\/wp\/v2\/comments?post=212"}],"version-history":[{"count":3,"href":"https:\/\/calenda.se\/sys\/wp-json\/wp\/v2\/pages\/212\/revisions"}],"predecessor-version":[{"id":217,"href":"https:\/\/calenda.se\/sys\/wp-json\/wp\/v2\/pages\/212\/revisions\/217"}],"wp:attachment":[{"href":"https:\/\/calenda.se\/sys\/wp-json\/wp\/v2\/media?parent=212"}],"curies":[{"name":"wp","href":"https:\/\/api.w.org\/{rel}","templated":true}]}}