{"id":34,"date":"2014-11-25T14:05:41","date_gmt":"2014-11-25T13:05:41","guid":{"rendered":"http:\/\/calenda.se.hemsida.eu\/CalendaV3\/?page_id=34"},"modified":"2014-12-08T19:22:11","modified_gmt":"2014-12-08T18:22:11","slug":"hjalp-aktuellt","status":"publish","type":"page","link":"https:\/\/calenda.se\/sys\/hjalp-aktuellt\/","title":{"rendered":"Aktuellt"},"content":{"rendered":"<p>Sidan Aktuellt \u00e4r avsedd att vara en sammanfattning av aktuella bokningsh\u00e4ndelser och en hj\u00e4lp att hitta s\u00e5dant som beh\u00f6ver \u00e5tg\u00e4rdas.<\/p>\n<p>Rubrikerna p\u00e5 sidan \u00e4r:<\/p>\n<h2 id=\"webforfragan\">Nya och obehandlade webbf\u00f6rfr\u00e5gningar<\/h2>\n<p><i>Denna rubrik p\u00e5 Aktuelltsidan syns endast om det finns n\u00e5gra nya webf\u00f6rfr\u00e5gningar. En Webbf\u00f6rfr\u00e5gan \u00e4r en automatisk bokning som skapas n\u00e4r en kund fyller i ett fr\u00e5geformul\u00e4r p\u00e5 din hemsida &#8211; Denna funktion \u00e4r inte standard i Calenda utan ett till\u00e4gg som kr\u00e4ver en liten anpassning av din hemsida.<\/i><\/p>\n<p>En Webbf\u00f6rfr\u00e5gan b\u00f6r snarast ombokas till en ordinarie f\u00f6rfr\u00e5gan. F\u00f6r att bevaka nyinkomna f\u00f6rfr\u00e5gningar visas dessa p\u00e5 en lista h\u00e4r. Det framg\u00e5r ocks\u00e5 n\u00e4r \u00f6nskad ankomstdag infaller (&#8221;om xx dagar&#8221;).<\/p>\n<p>Exempel:<\/p>\n<p><img decoding=\"async\" src=\"http:\/\/calenda.se\/images\/webforfragan_aktuellt.png\" alt=\"Webf\u00f6rfr\u00e5gningar i lista\" border=\"0\" \/><\/p>\n<p>En webbf\u00f6rfr\u00e5gan visas i <a title=\"Huvudkalender\" href=\"http:\/\/calenda.se.hemsida.eu\/CalendaV3\/hjalp-bokningskalender\/\">Huvudkalendern<\/a> som ett r\u00f6tt streck p\u00e5 raden &#8221;Webbf\u00f6rfr\u00e5gan&#8221; ovanf\u00f6r rummen.<\/p>\n<h2 id=\"idag\">Parkerade bokningar<\/h2>\n<p>Om det finns n\u00e5gra parkerade bokningar visas de i listform h\u00e4r. Klicka p\u00e5 en bokning f\u00f6r att visa den.<\/p>\n<p>En parkerad bokning \u00e4r en ofullst\u00e4ndig bokning (l\u00e4s mer i avsnittet <a title=\"Boendebokningar\" href=\"http:\/\/calenda.se.hemsida.eu\/CalendaV3\/hjalp-boendebokningar\/\">Bokningar<\/a>). Dessa b\u00f6r \u00e5tg\u00e4rdas snarast och \u00e4ndras till F\u00f6rfr\u00e5gan eller definitiv bokning eftersom de parkerade bokningarna bl a inte syns i kalendern.<\/p>\n<p>Exempel:<\/p>\n<p><a href=\"http:\/\/calenda.se.hemsida.eu\/CalendaV3\/wp-content\/uploads\/parkerade-bokningar.png\"><img decoding=\"async\" loading=\"lazy\" class=\"alignnone size-full wp-image-111\" src=\"http:\/\/calenda.se.hemsida.eu\/CalendaV3\/wp-content\/uploads\/parkerade-bokningar.png\" alt=\"parkerade-bokningar\" width=\"198\" height=\"115\" srcset=\"https:\/\/calenda.se\/sys\/wp-content\/uploads\/parkerade-bokningar.png 198w, https:\/\/calenda.se\/sys\/wp-content\/uploads\/parkerade-bokningar-150x87.png 150w\" sizes=\"(max-width: 198px) 100vw, 198px\" \/><\/a><\/p>\n<h2 id=\"idag\">Idag och imorgon<\/h2>\n<p>Visar g\u00e4ster som bor, kommer och \u00e5ker samt andra aktiviteter f\u00f6r den aktuella dagen.<\/p>\n<p>Om inga bokningar finns under dagen eller morgondagen visas de n\u00e4stkommande tre bokningarna under rubriken &#8221;Kommande bokningar&#8221;.<\/p>\n<h2 id=\"overlapp\">\u00d6verlappande f\u00f6rfr\u00e5gningar<\/h2>\n<p>Systemet kontrollerar att det inte sker n\u00e5gra dubbelbokningar avseende definitiva bokningar. Det \u00e4r d\u00e4remot m\u00f6jligt att ha flera <i>f\u00f6rfr\u00e5gningar<\/i> p\u00e5 samma datum. Denna lista visar eventuella \u00f6verlappningar f\u00f6r f\u00f6rfr\u00e5gningar f\u00f6r att underl\u00e4tta bevakningen av dessa.<\/p>\n<p>Exemplet visar att b\u00e5de bokning nummer 8 och 6 bokats i rummen &#8217;Lillstugan&#8217; och &#8217;Familjerummet&#8217; den 9 april:<\/p>\n<p><img decoding=\"async\" src=\"http:\/\/calenda.se\/images\/overlapplista.png\" alt=\"\u00d6verlappande f\u00f6rfr\u00e5gningar i lista\" border=\"0\" \/><\/p>\n<p>Det g\u00e5r att klicka p\u00e5 bokningsnumren f\u00f6r att komma till f\u00f6rfr\u00e5gningarna.<\/p>\n<p>Kalendern kan endast visa EN f\u00f6rfr\u00e5gan\/bokning per dag och rum. Skulle det finnas fler som inte syns visas ist\u00e4llet en r\u00f6d &#8221;lampa&#8221; bredvid datumet.<\/p>\n<p><img decoding=\"async\" src=\"http:\/\/calenda.se\/images\/overlapp.png\" alt=\"\u00d6verlappande f\u00f6rfr\u00e5gningar i kalender\" border=\"0\" \/><\/p>\n<p>Genom att klicka p\u00e5 den r\u00f6da &#8221;lampan&#8221; kommer du till denna sida eftersom informationen om \u00f6verlappande bokningar visas h\u00e4r.<\/p>\n","protected":false},"excerpt":{"rendered":"<p>Sidan Aktuellt \u00e4r avsedd att vara en sammanfattning av aktuella bokningsh\u00e4ndelser och en hj\u00e4lp att hitta s\u00e5dant som beh\u00f6ver \u00e5tg\u00e4rdas. Rubrikerna p\u00e5 sidan \u00e4r: Nya och obehandlade webbf\u00f6rfr\u00e5gningar Denna rubrik p\u00e5 Aktuelltsidan syns endast om det finns n\u00e5gra nya webf\u00f6rfr\u00e5gningar. En Webbf\u00f6rfr\u00e5gan \u00e4r en automatisk bokning som skapas n\u00e4r en kund fyller i ett fr\u00e5geformul\u00e4r [&hellip;]<\/p>\n","protected":false},"author":1,"featured_media":0,"parent":0,"menu_order":0,"comment_status":"closed","ping_status":"closed","template":"","meta":[],"_links":{"self":[{"href":"https:\/\/calenda.se\/sys\/wp-json\/wp\/v2\/pages\/34"}],"collection":[{"href":"https:\/\/calenda.se\/sys\/wp-json\/wp\/v2\/pages"}],"about":[{"href":"https:\/\/calenda.se\/sys\/wp-json\/wp\/v2\/types\/page"}],"author":[{"embeddable":true,"href":"https:\/\/calenda.se\/sys\/wp-json\/wp\/v2\/users\/1"}],"replies":[{"embeddable":true,"href":"https:\/\/calenda.se\/sys\/wp-json\/wp\/v2\/comments?post=34"}],"version-history":[{"count":10,"href":"https:\/\/calenda.se\/sys\/wp-json\/wp\/v2\/pages\/34\/revisions"}],"predecessor-version":[{"id":50,"href":"https:\/\/calenda.se\/sys\/wp-json\/wp\/v2\/pages\/34\/revisions\/50"}],"wp:attachment":[{"href":"https:\/\/calenda.se\/sys\/wp-json\/wp\/v2\/media?parent=34"}],"curies":[{"name":"wp","href":"https:\/\/api.w.org\/{rel}","templated":true}]}}