{"id":5,"date":"2014-11-24T19:46:15","date_gmt":"2014-11-24T18:46:15","guid":{"rendered":"http:\/\/calenda.se.hemsida.eu\/CalendaV3\/?page_id=5"},"modified":"2014-12-17T14:53:18","modified_gmt":"2014-12-17T13:53:18","slug":"hjalp-administration","status":"publish","type":"page","link":"https:\/\/calenda.se\/sys\/hjalp-administration\/","title":{"rendered":"Administration"},"content":{"rendered":"<h2>Logg \u00f6ver \u00e4ndringar<\/h2>\n<p>Information om \u00e4ndringar p\u00e5 bokningar: nya bokningar, \u00e4ndrade bokningar och vem som utf\u00f6rt \u00e4ndringarna.<\/p>\n<h2>Kontouppgifter<\/h2>\n<p>Mailadresser mm till dig och ditt f\u00f6retag.<\/p>\n<h2>\u00c4ndra l\u00f6senord<\/h2>\n<p>H\u00e4r kan du sj\u00e4lv \u00e4ndra l\u00f6senord till Calenda.<\/p>\n<h2>Logga ut<\/h2>\n<p>Logga ut fr\u00e5n Calenda<\/p>\n","protected":false},"excerpt":{"rendered":"<p>Logg \u00f6ver \u00e4ndringar Information om \u00e4ndringar p\u00e5 bokningar: nya bokningar, \u00e4ndrade bokningar och vem som utf\u00f6rt \u00e4ndringarna. Kontouppgifter Mailadresser mm till dig och ditt f\u00f6retag. \u00c4ndra l\u00f6senord H\u00e4r kan du sj\u00e4lv \u00e4ndra l\u00f6senord till Calenda. Logga ut Logga ut fr\u00e5n Calenda<\/p>\n","protected":false},"author":1,"featured_media":0,"parent":0,"menu_order":0,"comment_status":"closed","ping_status":"closed","template":"","meta":[],"_links":{"self":[{"href":"https:\/\/calenda.se\/sys\/wp-json\/wp\/v2\/pages\/5"}],"collection":[{"href":"https:\/\/calenda.se\/sys\/wp-json\/wp\/v2\/pages"}],"about":[{"href":"https:\/\/calenda.se\/sys\/wp-json\/wp\/v2\/types\/page"}],"author":[{"embeddable":true,"href":"https:\/\/calenda.se\/sys\/wp-json\/wp\/v2\/users\/1"}],"replies":[{"embeddable":true,"href":"https:\/\/calenda.se\/sys\/wp-json\/wp\/v2\/comments?post=5"}],"version-history":[{"count":6,"href":"https:\/\/calenda.se\/sys\/wp-json\/wp\/v2\/pages\/5\/revisions"}],"predecessor-version":[{"id":243,"href":"https:\/\/calenda.se\/sys\/wp-json\/wp\/v2\/pages\/5\/revisions\/243"}],"wp:attachment":[{"href":"https:\/\/calenda.se\/sys\/wp-json\/wp\/v2\/media?parent=5"}],"curies":[{"name":"wp","href":"https:\/\/api.w.org\/{rel}","templated":true}]}}