{"id":54,"date":"2014-12-06T10:24:03","date_gmt":"2014-12-06T09:24:03","guid":{"rendered":"http:\/\/calenda.se.hemsida.eu\/CalendaV3\/?page_id=54"},"modified":"2014-12-09T17:15:04","modified_gmt":"2014-12-09T16:15:04","slug":"hjalp-listor","status":"publish","type":"page","link":"https:\/\/calenda.se\/sys\/hjalp-listor\/","title":{"rendered":"Bokningslistor"},"content":{"rendered":"<p>Denna beskrivning g\u00e4ller b\u00e5de listan \u00f6ver boendebokningar och listan \u00f6ver aktivitetsbokningar.<\/p>\n<h2 id=\"allmant\">Allm\u00e4nt<\/h2>\n<p>Listorna visar bokningsdata i listform. Listorna \u00e4r s\u00f6k- och sorteringsbara direkt p\u00e5 sk\u00e4rmen.<\/p>\n<p>Statistik och andra periodiska rapporter hittar du under <a title=\"Rapporter\" href=\"http:\/\/calenda.se.hemsida.eu\/CalendaV3\/hjalp-rapporter\/\">Rapporter<\/a>.<\/p>\n<h2 id=\"period\">Urval\/Period<\/h2>\n<p>N\u00e4r du kommer till sidan f\u00f6rsta g\u00e5ngen visas bokningar fr\u00e5n dagens datum och fram\u00e5t.<\/p>\n<p><img decoding=\"async\" loading=\"lazy\" class=\"alignright\" src=\"http:\/\/calenda.se.hemsida.eu\/CalendaV3\/images\/dokumentation\/valj-period.png\" alt=\"V\u00e4lj period\" width=\"165\" height=\"246\" border=\"0\" \/><\/p>\n<p>Du kan \u00e4ndra period genom att v\u00e4lja en f\u00f6rutbest\u00e4md period i rullgardinsmenyn.<\/p>\n<p>Du kan ocks\u00e5 v\u00e4lja valfria datum i f\u00e4lten om du vill v\u00e4lja en annan period.<\/p>\n<p><img decoding=\"async\" class=\"alignleft\" src=\"http:\/\/calenda.se.hemsida.eu\/CalendaV3\/images\/dokumentation\/valj-dagar.png\" alt=\"V\u00e4lj dagar\" border=\"0\" \/><\/p>\n<h2 id=\"listval\">Visa\/d\u00f6lja kolumner<\/h2>\n<p><img decoding=\"async\" class=\"alignleft\" src=\"http:\/\/calenda.se.hemsida.eu\/CalendaV3\/images\/dokumentation\/valj-kolumner.png\" alt=\"Vis\/d\u00f6lj kolumner\" border=\"0\" \/> Klicka p\u00e5 knappen f\u00f6r att \u00e4ndra kolumnerna i listan. Markera de f\u00e4lt du vill se.<\/p>\n<p><img decoding=\"async\" loading=\"lazy\" class=\"alignright\" src=\"http:\/\/calenda.se.hemsida.eu\/CalendaV3\/images\/dokumentation\/valj-kolumner2.png\" alt=\"V\u00e4lj vilka kolumner som ska visas\" width=\"158\" height=\"200\" border=\"0\" \/> Genom att byta listutseende f\u00f6r\u00e4ndras inte urvalet i listan. Det \u00e4r allts\u00e5 samma period som visas oavsett listval.<\/p>\n<h2 id=\"period\">Visa bokningstyp<\/h2>\n<p>F\u00f6rfr\u00e5gningar (FF) och definitiva bokningar (BR\/BO) visas som standard, d\u00e4remot inte avbokningar (AV) och parkerade bokningar (PK). Vilka som ska visas v\u00e4ljer du h\u00e4r:<br \/>\n<img decoding=\"async\" src=\"http:\/\/calenda.se.hemsida.eu\/CalendaV3\/images\/dokumentation\/urval-bokntyp.png\" alt=\"Urval bokningstyp\" border=\"0\" \/><\/p>\n<h2 id=\"navigering\">Navigering i listan<\/h2>\n<p>V\u00e4lj hur m\u00e5nga rader som ska visas p\u00e5 sk\u00e4rmen med rullgardinslistan uppe till v\u00e4nster:<\/p>\n<p><img decoding=\"async\" src=\"http:\/\/calenda.se\/images\/visarader.png\" alt=\"Visa antal rader\" border=\"0\" \/><\/p>\n<p>V\u00e4lj mellan 10, 20 50 eller alla.<\/p>\n<p>N\u00e4r inte alla rader f\u00e5r plats p\u00e5 en sida visas en navigering under listan p\u00e5 h\u00f6ger sida:<\/p>\n<p><img decoding=\"async\" src=\"http:\/\/calenda.se\/images\/listorbladdra.png\" alt=\"Navigering\" border=\"0\" \/><\/p>\n<h2 id=\"sokning\">S\u00f6kning<\/h2>\n<h4>S\u00f6kning p\u00e5 namn<\/h4>\n<p>Fyll i f\u00f6retagsnamn i f\u00f6rsta f\u00e4ltet eller f\u00f6r- eller efternamn p\u00e5 person i andra f\u00e4ltet. Det g\u00e5r bra att skriva hela eller en del av namnet.<\/p>\n<h4>Fritexts\u00f6kning<\/h4>\n<p>S\u00f6k p\u00e5 ord, bokstav, tecken eller siffra genom att skriva in s\u00f6kstr\u00e4ngen i s\u00f6kf\u00e4ltet upp till h\u00f6ger.<\/p>\n<p><img decoding=\"async\" src=\"http:\/\/calenda.se.hemsida.eu\/CalendaV3\/images\/dokumentation\/sok.png\" alt=\"S\u00f6k\" border=\"0\" \/><\/p>\n<p>Listan visar direkt s\u00f6kresultaten.<\/p>\n<p>Tips f\u00f6r s\u00f6kning (g\u00e4ller b\u00e5de namns\u00f6kning och andra ord):<\/p>\n<ul>\n<li>En s\u00f6kning p\u00e5 &#8217;lind&#8217; ger allt som inneh\u00e5ller de bokst\u00e4verna, t ex namnen LINDstr\u00f6m, BergLIND och BeLINDa<\/li>\n<li>Stor eller liten bokstav har ingen betydelse i s\u00f6kningen.<\/li>\n<li>S\u00f6kning i fritextf\u00e4ltet sker p\u00e5 HELA bokningen utom mailtexter, allts\u00e5 \u00e4ven p\u00e5 s\u00e5dant som inte syns p\u00e5 sk\u00e4rmen just n\u00e4r du s\u00f6ker, t ex kommentarer!<\/li>\n<\/ul>\n<p>Kontrollera att listan visar r\u00e4tt period n\u00e4r du s\u00f6ker! \u00c4r du os\u00e4ker kan du v\u00e4lja &#8217;Alla&#8217; vid rubriken &#8217;V\u00e4lj \u00e5r&#8217;.<\/p>\n<h2 id=\"sortering\">Sortering<\/h2>\n<p>Klicka p\u00e5 en kolumnrubrik f\u00f6r att sortera hela listan efter den valda kolumnen.<\/p>\n<p>Pilen ovanf\u00f6r kolumnen visar om sorteringen \u00e4r fallande eller stigande n\u00e4r sortering \u00e4r aktiv f\u00f6r en kolumn. Klicka en g\u00e5ng till f\u00f6r att \u00e4ndra till omv\u00e4nd sorteringsordning.<\/p>\n<p><img decoding=\"async\" src=\"http:\/\/calenda.se\/images\/sorteringspil.png\" alt=\"Kolumnrubrik\" border=\"0\" \/><br \/>\n<img decoding=\"async\" src=\"http:\/\/calenda.se\/images\/sorteringspilupp.png\" alt=\"Stigande\" border=\"0\" \/><br \/>\n<img decoding=\"async\" src=\"http:\/\/calenda.se\/images\/sorteringspilned.png\" alt=\"Fallande\" border=\"0\" \/><\/p>\n","protected":false},"excerpt":{"rendered":"<p>Denna beskrivning g\u00e4ller b\u00e5de listan \u00f6ver boendebokningar och listan \u00f6ver aktivitetsbokningar. Allm\u00e4nt Listorna visar bokningsdata i listform. Listorna \u00e4r s\u00f6k- och sorteringsbara direkt p\u00e5 sk\u00e4rmen. Statistik och andra periodiska rapporter hittar du under Rapporter. Urval\/Period N\u00e4r du kommer till sidan f\u00f6rsta g\u00e5ngen visas bokningar fr\u00e5n dagens datum och fram\u00e5t. Du kan \u00e4ndra period genom att [&hellip;]<\/p>\n","protected":false},"author":1,"featured_media":0,"parent":0,"menu_order":0,"comment_status":"closed","ping_status":"closed","template":"","meta":[],"_links":{"self":[{"href":"https:\/\/calenda.se\/sys\/wp-json\/wp\/v2\/pages\/54"}],"collection":[{"href":"https:\/\/calenda.se\/sys\/wp-json\/wp\/v2\/pages"}],"about":[{"href":"https:\/\/calenda.se\/sys\/wp-json\/wp\/v2\/types\/page"}],"author":[{"embeddable":true,"href":"https:\/\/calenda.se\/sys\/wp-json\/wp\/v2\/users\/1"}],"replies":[{"embeddable":true,"href":"https:\/\/calenda.se\/sys\/wp-json\/wp\/v2\/comments?post=54"}],"version-history":[{"count":26,"href":"https:\/\/calenda.se\/sys\/wp-json\/wp\/v2\/pages\/54\/revisions"}],"predecessor-version":[{"id":176,"href":"https:\/\/calenda.se\/sys\/wp-json\/wp\/v2\/pages\/54\/revisions\/176"}],"wp:attachment":[{"href":"https:\/\/calenda.se\/sys\/wp-json\/wp\/v2\/media?parent=54"}],"curies":[{"name":"wp","href":"https:\/\/api.w.org\/{rel}","templated":true}]}}