{"id":59,"date":"2014-12-06T10:28:29","date_gmt":"2014-12-06T09:28:29","guid":{"rendered":"http:\/\/calenda.se.hemsida.eu\/CalendaV3\/?page_id=59"},"modified":"2016-08-04T10:03:50","modified_gmt":"2016-08-04T08:03:50","slug":"hjalp-bokningsbekraftelse","status":"publish","type":"page","link":"https:\/\/calenda.se\/sys\/hjalp-bokningsbekraftelse\/","title":{"rendered":"Bokningsbekr\u00e4ftelse"},"content":{"rendered":"<h2>Hur funkar bokningsbekr\u00e4ftelsen?<\/h2>\n<p>Avsikten med funktionen \u00e4r dels att f\u00f6renkla det dagliga arbetet i kontakten med g\u00e4sterna, dels att s\u00e4kerst\u00e4lla att uthyraren och g\u00e4sten \u00e4r \u00f6verens om bokningens inneh\u00e5ll.<\/p>\n<p>Information h\u00e4mtas automatiskt fr\u00e5n Calenda till en s\u00e4rskild sida som kunden f\u00e5r tillg\u00e5ng till. Vilken information som ska visas best\u00e4mmer du som kund n\u00e4r funktionen installeras, men typisk information \u00e4r person- och adressuppgifter, ankomst- och avresedag, ev tillval, pris och ev ett meddelande till g\u00e4sten.<\/p>\n<p>N\u00e4r bokningen \u00e4r f\u00e4rdig i Calenda skickar du bara ett mail till g\u00e4sten med en l\u00e4nk till hans bokningsbekr\u00e4ftelse. G\u00e4sten \u00f6ppnar sidan i sin webbl\u00e4sare och f\u00e5r d\u00e5 tillg\u00e5ng till bokningsinformationen.<\/p>\n<p><a href=\"help_conf_pic.html\" target=\"_blank\">Klicka h\u00e4r f\u00f6r att se hur en bokningsbekr\u00e4ftelse kan se ut (\u00f6ppnas i nytt f\u00f6nster).<\/a><\/p>\n<h3>Tillv\u00e4gag\u00e5ngss\u00e4tt<\/h3>\n<p>Kontrollera att alla viktiga uppgifter \u00e4r ifyllda p\u00e5 bokningen, t ex pris.<\/p>\n<p>Klicka p\u00e5 knappen &#8221;L\u00e4nk till bokningsbekr\u00e4ftelse&#8221; (uppe till h\u00f6ger).<\/p>\n<p>&nbsp;<\/p>\n<p>En ruta med en l\u00e4nk visas d\u00e5.<\/p>\n<p>&nbsp;<\/p>\n<p>F\u00f6lj anvisningarna f\u00f6r att kopiera l\u00e4nken och klistra sedan in den i ett mail till din g\u00e4st.<\/p>\n<p>OBS! G\u00e4sten har naturligtvis bara tillg\u00e5ng till den sidan, aldrig till \u00f6vrig information i Calenda.<\/p>\n<h3>S\u00e4rskilda upplysningar till g\u00e4sten<\/h3>\n<p>N\u00e4r funktionen Bokningsbekr\u00e4ftelse \u00e4r aktiverad visas ett extra f\u00e4lt p\u00e5 bokningen (under Egna anteckningar):<\/p>\n<p><img decoding=\"async\" src=\"http:\/\/calenda.se\/images\/conf_message.png\" alt=\" \" border=\"0\" \/><\/p>\n<p>Den text som skrivs h\u00e4r kommer att visas p\u00e5 bokningsbekr\u00e4ftelsen. F\u00e4ltet kan anv\u00e4ndas t ex f\u00f6r att specificera priset, ange vilket rum som \u00e4r reserverat \u00e5t g\u00e4sten eller f\u00f6r att l\u00e4mna andra personliga meddelanden.<\/p>\n","protected":false},"excerpt":{"rendered":"<p>Hur funkar bokningsbekr\u00e4ftelsen? Avsikten med funktionen \u00e4r dels att f\u00f6renkla det dagliga arbetet i kontakten med g\u00e4sterna, dels att s\u00e4kerst\u00e4lla att uthyraren och g\u00e4sten \u00e4r \u00f6verens om bokningens inneh\u00e5ll. Information h\u00e4mtas automatiskt fr\u00e5n Calenda till en s\u00e4rskild sida som kunden f\u00e5r tillg\u00e5ng till. Vilken information som ska visas best\u00e4mmer du som kund n\u00e4r funktionen installeras, [&hellip;]<\/p>\n","protected":false},"author":1,"featured_media":0,"parent":0,"menu_order":0,"comment_status":"closed","ping_status":"closed","template":"","meta":[],"_links":{"self":[{"href":"https:\/\/calenda.se\/sys\/wp-json\/wp\/v2\/pages\/59"}],"collection":[{"href":"https:\/\/calenda.se\/sys\/wp-json\/wp\/v2\/pages"}],"about":[{"href":"https:\/\/calenda.se\/sys\/wp-json\/wp\/v2\/types\/page"}],"author":[{"embeddable":true,"href":"https:\/\/calenda.se\/sys\/wp-json\/wp\/v2\/users\/1"}],"replies":[{"embeddable":true,"href":"https:\/\/calenda.se\/sys\/wp-json\/wp\/v2\/comments?post=59"}],"version-history":[{"count":7,"href":"https:\/\/calenda.se\/sys\/wp-json\/wp\/v2\/pages\/59\/revisions"}],"predecessor-version":[{"id":257,"href":"https:\/\/calenda.se\/sys\/wp-json\/wp\/v2\/pages\/59\/revisions\/257"}],"wp:attachment":[{"href":"https:\/\/calenda.se\/sys\/wp-json\/wp\/v2\/media?parent=59"}],"curies":[{"name":"wp","href":"https:\/\/api.w.org\/{rel}","templated":true}]}}