{"id":62,"date":"2014-12-06T10:31:13","date_gmt":"2014-12-06T09:31:13","guid":{"rendered":"http:\/\/calenda.se.hemsida.eu\/CalendaV3\/?page_id=62"},"modified":"2014-12-17T14:57:01","modified_gmt":"2014-12-17T13:57:01","slug":"hjalp-bokningskalender","status":"publish","type":"page","link":"https:\/\/calenda.se\/sys\/hjalp-bokningskalender\/","title":{"rendered":"Huvudkalender"},"content":{"rendered":"<h2 id=\"kalenderperiod\">Kalenderperiod<\/h2>\n<p>N\u00e4r du f\u00f6rst kommer till kalendern visas dagens datum \u00f6verst och d\u00e4refter visas 6 m\u00e5nader fram\u00e5t. Om du vill se en l\u00e4ngre eller annan period har du olika alternativ att v\u00e4lja mellan:<\/p>\n<p>1. Bl\u00e4ddra 1 vecka, 1 m\u00e5nad eller 3 m\u00e5nader fram\u00e5t eller bak\u00e5t med knapparna \u00f6ver kalendern.<\/p>\n<p><a href=\"http:\/\/calenda.se.hemsida.eu\/CalendaV3\/wp-content\/uploads\/kalender-nav.png\"><img decoding=\"async\" loading=\"lazy\" class=\"alignnone size-medium wp-image-115\" src=\"http:\/\/calenda.se.hemsida.eu\/CalendaV3\/wp-content\/uploads\/kalender-nav-300x43.png\" alt=\"Navigering i kalendern\" width=\"300\" height=\"43\" srcset=\"https:\/\/calenda.se\/sys\/wp-content\/uploads\/kalender-nav-300x43.png 300w, https:\/\/calenda.se\/sys\/wp-content\/uploads\/kalender-nav-150x21.png 150w, https:\/\/calenda.se\/sys\/wp-content\/uploads\/kalender-nav.png 304w\" sizes=\"(max-width: 300px) 100vw, 300px\" \/><\/a><\/p>\n<p>2. V\u00e4lj kalenderperiod i rullgardinsmenyn:<\/p>\n<p><a href=\"http:\/\/calenda.se.hemsida.eu\/CalendaV3\/wp-content\/uploads\/kalender-periodval.png\"><img decoding=\"async\" loading=\"lazy\" class=\"alignnone size-medium wp-image-117\" src=\"http:\/\/calenda.se.hemsida.eu\/CalendaV3\/wp-content\/uploads\/kalender-periodval-163x300.png\" alt=\"kalender-periodval\" width=\"163\" height=\"300\" srcset=\"https:\/\/calenda.se\/sys\/wp-content\/uploads\/kalender-periodval-163x300.png 163w, https:\/\/calenda.se\/sys\/wp-content\/uploads\/kalender-periodval-81x150.png 81w, https:\/\/calenda.se\/sys\/wp-content\/uploads\/kalender-periodval.png 165w\" sizes=\"(max-width: 163px) 100vw, 163px\" \/><\/a><\/p>\n<p>3. V\u00e4lj m\u00e5nad i rullgardinsmenyn:<\/p>\n<p><a href=\"http:\/\/calenda.se.hemsida.eu\/CalendaV3\/wp-content\/uploads\/kalender-manadsval.png\"><img decoding=\"async\" loading=\"lazy\" class=\"alignnone size-full wp-image-119\" src=\"http:\/\/calenda.se.hemsida.eu\/CalendaV3\/wp-content\/uploads\/kalender-manadsval.png\" alt=\"kalender-manadsval\" width=\"123\" height=\"244\" srcset=\"https:\/\/calenda.se\/sys\/wp-content\/uploads\/kalender-manadsval.png 123w, https:\/\/calenda.se\/sys\/wp-content\/uploads\/kalender-manadsval-75x150.png 75w\" sizes=\"(max-width: 123px) 100vw, 123px\" \/><\/a><\/p>\n<p>&nbsp;<\/p>\n<p>1. V\u00e4lj bokning i rullgardinsmenyn:<\/p>\n<p><a href=\"http:\/\/calenda.se.hemsida.eu\/CalendaV3\/wp-content\/uploads\/kalender-boknrval.png\"><img decoding=\"async\" loading=\"lazy\" class=\"alignnone size-full wp-image-120\" src=\"http:\/\/calenda.se.hemsida.eu\/CalendaV3\/wp-content\/uploads\/kalender-boknrval.png\" alt=\"kalender-boknrval\" width=\"241\" height=\"212\" srcset=\"https:\/\/calenda.se\/sys\/wp-content\/uploads\/kalender-boknrval.png 241w, https:\/\/calenda.se\/sys\/wp-content\/uploads\/kalender-boknrval-150x131.png 150w\" sizes=\"(max-width: 241px) 100vw, 241px\" \/><\/a><\/p>\n<p>&nbsp;<\/p>\n<p>F\u00f6r att \u00e5terg\u00e5 till standardutseendet klickar du p\u00e5 knappen &#8217;Idag&#8217; <a href=\"http:\/\/calenda.se.hemsida.eu\/CalendaV3\/wp-content\/uploads\/kalender-idag.png\"><img decoding=\"async\" loading=\"lazy\" class=\"alignright wp-image-121 size-full\" src=\"http:\/\/calenda.se.hemsida.eu\/CalendaV3\/wp-content\/uploads\/kalender-idag.png\" alt=\"kalender-idag\" width=\"43\" height=\"42\" \/><\/a>.<\/p>\n<h2 id=\"kalendern\">Kalendern<\/h2>\n<p>F\u00f6rklaringar till kalenderns olika f\u00e4lt:<\/p>\n<p>&nbsp;<\/p>\n<p>Vissa f\u00e4lt \u00e4r individuellt anpassade: antal och namn p\u00e5 rummen (eller l\u00e4genheterna), aktiviteter och webf\u00f6rfr\u00e5gan.<\/p>\n<h2 id=\"overlapp\">\u00d6verlappande f\u00f6rfr\u00e5gningar<\/h2>\n<p>Om det finns mer \u00e4n en f\u00f6rfr\u00e5gning per rum och dag markeras med en r\u00f6d prick i datumf\u00e4ltet.<\/p>\n<p>&nbsp;<\/p>\n<p>Alla s\u00e5dana \u00f6verlappande f\u00f6rfr\u00e5gningar listas p\u00e5 sidan <a href=\"aktuellt.php\">Aktuellt<\/a>. Det g\u00e5r att klicka p\u00e5 den r\u00f6da pricken f\u00f6r att komma till den sidan.<\/p>\n<h2 id=\"noteringar\">Noteringar<\/h2>\n<p><img decoding=\"async\" class=\"alignleft\" src=\"http:\/\/calenda.se.hemsida.eu\/CalendaV3\/images\/dokumentation\/kalender-notering.png\" alt=\"Notering i kalendern\" \/>H\u00e4r kan du l\u00e4gga in egna anteckningar om m\u00f6ten, bilbesiktningstid, tandl\u00e4kartid, f\u00f6delsedagar och allt annat du skulle skriva in i en bordskalender. Klicka p\u00e5 rutan p\u00e5 raden Noteringar under datumrutan f\u00f6r att l\u00e4gga in en notering p\u00e5 en dag.<\/p>\n<p><img decoding=\"async\" loading=\"lazy\" class=\"clear alignleft\" src=\"http:\/\/calenda.se.hemsida.eu\/CalendaV3\/images\/dokumentation\/kalender-notering2.png\" alt=\"Notering\" width=\"528\" height=\"489\" \/>Du f\u00e5r d\u00e5 upp ett f\u00f6nster d\u00e4r du kan fylla i kort text (den som syns i kalendern) och en l\u00e4ngre text vid behov. Klicka p\u00e5 Spara n\u00e4r du \u00e4r klar.<\/p>\n<p>Du kan n\u00e4r som helst klicka igen p\u00e5 samma notering f\u00f6r att l\u00e4sa den l\u00e5nga texten eller f\u00f6r att \u00e4ndra n\u00e5got.<\/p>\n<h2 id=\"webforfragan\">Webf\u00f6rfr\u00e5gan<\/h2>\n<p><i>Denna funktion \u00e4r inte standard. G\u00e4ller endast om denna aktiverats.<\/i><\/p>\n<p>N\u00e4r en f\u00f6rfr\u00e5gan kommer in automatiskt via hemsidan visas denna p\u00e5 en s\u00e4rskild rad &#8211; &#8217;Webf\u00f6rfr\u00e5gan&#8217; &#8211; och med r\u00f6d text och r\u00f6tt streck. Avsikten \u00e4r att denna snarast skall besvaras med mail eller telefon, samtidigt som den ombokas till en ordinare f\u00f6rfr\u00e5gan p\u00e5 ett l\u00e4mpligt rum. Se mer i avsnittet <a href=\"help_bokning.php\">Bokningar<\/a>.<\/p>\n<p>&nbsp;<\/p>\n<h2 id=\"bokningar\">Bokningar<\/h2>\n<h3>Bokningstyper<\/h3>\n<p>I kalendern kan du se aktuella bokningar och f\u00f6rfr\u00e5gningar, f\u00f6rdelade p\u00e5 rum och dag.<\/p>\n<p>De olika bokningstyper som finns \u00e4r:<\/p>\n<h5>Bokningar<\/h5>\n<ul>\n<li>Definitiv bokning, specifikt rum<\/li>\n<\/ul>\n<p style=\"padding-left: 30px;\"><img decoding=\"async\" loading=\"lazy\" class=\"alignleft\" src=\"http:\/\/calenda.se.hemsida.eu\/CalendaV3\/images\/dokumentation\/kalender-bokning.png\" alt=\"Bokningar\" width=\"443\" height=\"192\" \/><i>R\u00f6d<\/i> text p\u00e5 gul bakgrund.<\/p>\n<p style=\"padding-left: 30px;\">En definitiv bokning kan vara bunden till ett specifikt rum eller ospecificerad. Denna m\u00f6jlighet att boka &#8221;specifikt&#8221; eller &#8221;ospecifikt&#8221; \u00e4r t\u00e4nkt att anv\u00e4ndas f\u00f6r att f\u00f6renkla planeringen av hur g\u00e4sterna ska bo. I vissa fall kan man t ex ha lovat g\u00e4sten ett specifikt rum eller endast ett specifikt rum \u00e4r m\u00f6jligt f\u00f6r en viss g\u00e4st p g a olika rumsstorlek eller annat.<\/p>\n<ul>\n<li>Definitiv bokning, ospecifik<\/li>\n<\/ul>\n<p style=\"padding-left: 30px;\"><i>Bl\u00e5<\/i> text p\u00e5 gul bakgrund.<\/p>\n<p style=\"padding-left: 30px;\">En bokning som inte \u00e4r bunden till ett specifikt rum.<\/p>\n<ul>\n<li>F\u00f6rfr\u00e5gan<\/li>\n<\/ul>\n<p style=\"padding-left: 30px;\">Gr\u00f6n text p\u00e5 gr\u00f6n bakgrund.<\/p>\n<p style=\"padding-left: 30px;\">En f\u00f6rfr\u00e5gan som \u00e4nnu inte \u00e4r bekr\u00e4ftad. Det kan finnas mer \u00e4n en f\u00f6rfr\u00e5gan p\u00e5 samma dag\/rum. Skulle detta intr\u00e4ffa visas det med en r\u00f6d prick p\u00e5 dagen och (se ovan) och bokningarna listas p\u00e5 sidan Aktuellt.<\/p>\n<ul>\n<li>Rum ej tillg\u00e4ngligt<\/li>\n<\/ul>\n<p style=\"padding-left: 30px;\"><img decoding=\"async\" loading=\"lazy\" class=\"alignleft\" src=\"http:\/\/calenda.se.hemsida.eu\/CalendaV3\/images\/dokumentation\/kalender-ejtillgangligt.png\" alt=\"Rum ej tillg\u00e4ngligt\" width=\"190\" height=\"190\" \/> Bl\u00e5 text p\u00e5 ljusbl\u00e5 bakgrund.<\/p>\n<p>Ett rum som \u00e4r st\u00e4ngt viss period p g a st\u00e4dning eller renovering kan markeras genom att en bokning g\u00f6rs och bokningstypen &#8221;Rummet ej tillg\u00e4ngligt&#8221; v\u00e4ljs.<\/p>\n<h3><\/h3>\n<h3>Ankomstdag och avresedag<\/h3>\n<p>En bokning visas s\u00e5 h\u00e4r:<\/p>\n<p>&nbsp;<\/p>\n<p>Nilsson kommer allts\u00e5 p\u00e5 m\u00e5ndagen och \u00e5ker p\u00e5 tisdag.<\/p>\n<p>Namnet visas alltid p\u00e5 f\u00f6rsta och sista dag. Dagar d\u00e4remellan skrivs inte namnet ut. P\u00e5 s\u00e5 s\u00e4tt kan man l\u00e4tt se n\u00e4r en g\u00e4st \u00e5ker och en annan kommer samma dag. I detta exemplet kommer allts\u00e5 Smith p\u00e5 tisdag, samma dag som Nilsson \u00e5ker. Smith stannar till torsdag.<\/p>\n<p>&nbsp;<\/p>\n<h3>Skapa ny bokning<\/h3>\n<p>Klicka p\u00e5 en tom eftermiddag (h\u00f6gra halvan av en dag) f\u00f6r att l\u00e4gga in en ny bokning. Du kommer d\u00e5 direkt till bokningsregistreringen. N\u00e4r du \u00e4r klar och har sparat kan du klicka p\u00e5 knappen &#8217;Visa i kalender&#8217; s\u00e5 kommer du tillbaka till kalendern p\u00e5 samma plats.<\/p>\n<p>&nbsp;<\/p>\n<p>Klicka p\u00e5 en bokning i kalendern f\u00f6r att se hela bokningen och g\u00f6ra ev \u00e4ndringar.<\/p>\n<h3>Snabbinfo<\/h3>\n<p>H\u00e5ll musen stilla \u00f6ver namnet p\u00e5 en bokning s\u00e5 visas en sammanfattning av bokningen i en &#8221;bubbla&#8221;.<\/p>\n<p>&nbsp;<\/p>\n","protected":false},"excerpt":{"rendered":"<p>Kalenderperiod N\u00e4r du f\u00f6rst kommer till kalendern visas dagens datum \u00f6verst och d\u00e4refter visas 6 m\u00e5nader fram\u00e5t. Om du vill se en l\u00e4ngre eller annan period har du olika alternativ att v\u00e4lja mellan: 1. Bl\u00e4ddra 1 vecka, 1 m\u00e5nad eller 3 m\u00e5nader fram\u00e5t eller bak\u00e5t med knapparna \u00f6ver kalendern. 2. V\u00e4lj kalenderperiod i rullgardinsmenyn: 3. [&hellip;]<\/p>\n","protected":false},"author":1,"featured_media":0,"parent":0,"menu_order":0,"comment_status":"closed","ping_status":"closed","template":"","meta":[],"_links":{"self":[{"href":"https:\/\/calenda.se\/sys\/wp-json\/wp\/v2\/pages\/62"}],"collection":[{"href":"https:\/\/calenda.se\/sys\/wp-json\/wp\/v2\/pages"}],"about":[{"href":"https:\/\/calenda.se\/sys\/wp-json\/wp\/v2\/types\/page"}],"author":[{"embeddable":true,"href":"https:\/\/calenda.se\/sys\/wp-json\/wp\/v2\/users\/1"}],"replies":[{"embeddable":true,"href":"https:\/\/calenda.se\/sys\/wp-json\/wp\/v2\/comments?post=62"}],"version-history":[{"count":23,"href":"https:\/\/calenda.se\/sys\/wp-json\/wp\/v2\/pages\/62\/revisions"}],"predecessor-version":[{"id":245,"href":"https:\/\/calenda.se\/sys\/wp-json\/wp\/v2\/pages\/62\/revisions\/245"}],"wp:attachment":[{"href":"https:\/\/calenda.se\/sys\/wp-json\/wp\/v2\/media?parent=62"}],"curies":[{"name":"wp","href":"https:\/\/api.w.org\/{rel}","templated":true}]}}