{"id":9,"date":"2014-11-24T19:49:43","date_gmt":"2014-11-24T18:49:43","guid":{"rendered":"http:\/\/calenda.se.hemsida.eu\/CalendaV3\/?page_id=9"},"modified":"2014-12-17T14:54:57","modified_gmt":"2014-12-17T13:54:57","slug":"hjalp-rapporter","status":"publish","type":"page","link":"https:\/\/calenda.se\/sys\/hjalp-rapporter\/","title":{"rendered":"Rapporter"},"content":{"rendered":"<p>F\u00f6r att f\u00e5 en fullst\u00e4ndig statistik kr\u00e4vs att vissa uppgifter registreras konsekvent p\u00e5 bokningarna:<\/p>\n<ul>\n<li>Antal g\u00e4ster<\/li>\n<li>Nationalitet<\/li>\n<li>Vistelsetyp<\/li>\n<li>\u00c5terkommande g\u00e4st (i f\u00f6rekommande fall)<\/li>\n<li>L\u00e4mnad klubbrabatt (i f\u00f6rekommande fall)<\/li>\n<li>Totalkostnad<\/li>\n<\/ul>\n<h2>Bel\u00e4ggning<\/h2>\n<p>Bel\u00e4ggning (kalendern\u00e4tter och g\u00e4stn\u00e4tter) och int\u00e4kter, totalt och per rum, under vald period. Vissa rapporter visar en fast period (kalender\u00e5r eller s\u00e4song (okt &#8211; sept)), andra rapporter kan visa en period mellan valfria datum.<\/p>\n<h2>Bokningsl\u00e4ge<\/h2>\n<p>Denna rapport \u00e4r ett hj\u00e4lpmedel f\u00f6r att under \u00e5ret se utvecklingen j\u00e4mf\u00f6rt med f\u00f6rra \u00e5ret.<\/p>\n<h2>Analysverktyg<\/h2>\n","protected":false},"excerpt":{"rendered":"<p>F\u00f6r att f\u00e5 en fullst\u00e4ndig statistik kr\u00e4vs att vissa uppgifter registreras konsekvent p\u00e5 bokningarna: Antal g\u00e4ster Nationalitet Vistelsetyp \u00c5terkommande g\u00e4st (i f\u00f6rekommande fall) L\u00e4mnad klubbrabatt (i f\u00f6rekommande fall) Totalkostnad Bel\u00e4ggning Bel\u00e4ggning (kalendern\u00e4tter och g\u00e4stn\u00e4tter) och int\u00e4kter, totalt och per rum, under vald period. Vissa rapporter visar en fast period (kalender\u00e5r eller s\u00e4song (okt &#8211; sept)), [&hellip;]<\/p>\n","protected":false},"author":1,"featured_media":0,"parent":0,"menu_order":0,"comment_status":"closed","ping_status":"closed","template":"","meta":[],"_links":{"self":[{"href":"https:\/\/calenda.se\/sys\/wp-json\/wp\/v2\/pages\/9"}],"collection":[{"href":"https:\/\/calenda.se\/sys\/wp-json\/wp\/v2\/pages"}],"about":[{"href":"https:\/\/calenda.se\/sys\/wp-json\/wp\/v2\/types\/page"}],"author":[{"embeddable":true,"href":"https:\/\/calenda.se\/sys\/wp-json\/wp\/v2\/users\/1"}],"replies":[{"embeddable":true,"href":"https:\/\/calenda.se\/sys\/wp-json\/wp\/v2\/comments?post=9"}],"version-history":[{"count":3,"href":"https:\/\/calenda.se\/sys\/wp-json\/wp\/v2\/pages\/9\/revisions"}],"predecessor-version":[{"id":244,"href":"https:\/\/calenda.se\/sys\/wp-json\/wp\/v2\/pages\/9\/revisions\/244"}],"wp:attachment":[{"href":"https:\/\/calenda.se\/sys\/wp-json\/wp\/v2\/media?parent=9"}],"curies":[{"name":"wp","href":"https:\/\/api.w.org\/{rel}","templated":true}]}}